{"id":1798,"date":"2019-04-25T13:03:46","date_gmt":"2019-04-25T11:03:46","guid":{"rendered":"https:\/\/www.k-link.eu\/partner-links\/affiliateprogramm\/"},"modified":"2019-05-21T13:44:57","modified_gmt":"2019-05-21T11:44:57","slug":"affiliateprogramm","status":"publish","type":"page","link":"https:\/\/www.k-link.eu\/en\/partner-links\/affiliateprogramm\/","title":{"rendered":"Affiliateprogramm"},"content":{"rendered":"<div id=\"pl-1798\" class=\"panel-layout\"><div id=\"pg-1798-0\" class=\"panel-grid panel-no-style\"><div id=\"pgc-1798-0-0\" class=\"panel-grid-cell\"><div id=\"panel-1798-0-0-0\" class=\"so-panel widget widget_sow-editor panel-first-child panel-last-child\" data-index=\"0\"><div class=\"so-widget-sow-editor so-widget-sow-editor-base\">\n<div class=\"siteorigin-widget-tinymce textwidget\">\n\t<p>Das <strong>K-Link Affiliateprogramm<\/strong> ist eine lukrative Idee f&uuml;r Partner, die &uuml;ber Online-Werbema&szlig;nahmen einfach schnelle Provisions\/Einnahmen generieren wollen.<\/p>\n<p>So wird Ihr Computer zu Ihrem Gesch&auml;ft - und das von Zuhause oder Unterwegs!<\/p>\n<p>Verdienen Sie ganz einfach: F&uuml;r alle Kunden, die auf Ihrer Website die Werbung von K-Link Europe anklicken und &uuml;ber diesen Link bei uns online bestellen, erhalten Sie f&uuml;r jeden bezahlten Artikel eine Umsatzprovision in H&ouml;he von 20% !<\/p>\n<p><strong>3 kleine Schritte f&uuml;r Ihren Erfolg:<\/strong><\/p>\n<ul>\n<li>Registrieren Sie sich online beim K-Link Europe Affiliateprogramm<\/li>\n<li>Nach unserer Pr&uuml;fung erhalten Sie Ihre pers&ouml;nlichen Benutzerdaten per Mail<\/li>\n<li>Sie haben sofort nach dem Einloggen Zugriff auf Ihre personalisierte K-Link-Website (z.B. www.K-Link.eu\/Naturprodukte).<\/li>\n<\/ul>\n<p>Au&szlig;erdem k&ouml;nnen Sie jederzeit weitere Affiliate-Partner werben und weitere Provisionen erhalten: Sie erhalten als &bdquo;On-Top-Seller&ldquo; automatisch 10% Provision auf alle von Ihren direkten Partnern get&auml;tigten direkten Verk&auml;ufe. Alle On-Top-Seller-Provisionen gelten nur f&uuml;r direkte Partner, nicht f&uuml;r die von diesen geworbenen Affiliatepartner.<\/p>\n<p><strong>Alle Vorteile auf einen Blick<br>\n<\/strong>Ihre Teilnahme an unserem Affiliateprogramm ist kostenlos, Sie k&ouml;nnen die Teilnahme jederzeit und ohne Angabe von Gr&uuml;nden per Email beenden!<br>\nSie tragen keinerlei Risiken &ndash; alle Werbekosten f&uuml;r das Affiliateprogramm tr&auml;gt K-Link Europe f&uuml;r Sie, wir &uuml;bernehmen das Bestellwesen und das Kundenmanagement komplett f&uuml;r Sie!<br>\nUnser System ist erprobt und sicher &ndash; die Infrastruktur, Bestellwesen und Kundenmanagement funktionieren!<\/p>\n<p><strong>So flie&szlig;en die Provisionen<br>\n<\/strong>Ihre Kunden bezahlen &ndash; und sofort wird Ihrem Affiliate-Konto die Provision gutgeschrieben<br>\nSie k&ouml;nnen die Provisionen und die Besucherstr&ouml;me &uuml;ber Ihre Homepage jederzeit &uuml;bersichtlich abrufen<br>\nDie Provisionsauszahlung erfolgt monatlich auf das von Ihnen angegebene Konto<\/p>\n<p><strong>3 Tipps: Erfolgreich werben &ndash; mehr Provisionen generieren<br>\n<\/strong><\/p>\n<ol>\n<li>Binden Sie Ihren K-Link Europe-Werbebanner in Ihre Newsletter oder auf Ihrer eigenen Website ein und binden<br>\nSie Ihre Kunden &uuml;ber regelm&auml;&szlig;ige Informationen an Ihr Gesch&auml;ft<\/li>\n<li>Personalisieren Sie Ihre K-Link-Website und setzen Sie Ihre eigenen Marketingideen um &ndash; wir unterst&uuml;tzen Sie gern!<\/li>\n<li>Informieren Sie Ihre Freunde und Bekannte oder Ihre Email-Kontakte per Mail &uuml;ber Produkte, die sie interessieren k&ouml;nnten<\/li>\n<\/ol>\n<p><strong>&Uuml;bersicht und alle Vorteile des K-Link Affiliateprogramm hier<br>\n<\/strong>Haben Sie noch Fragen? Rufen Sie uns an! Wir bringen Ihnen das Affiliateprogramm gerne n&auml;her und unterst&uuml;tzen Sie beim Umsetzen Ihrer Marketing-Ideen!<\/p>\n<\/div>\n<\/div><\/div><\/div><\/div><div id=\"pg-1798-1\" class=\"panel-grid panel-no-style\"><div id=\"pgc-1798-1-0\" class=\"panel-grid-cell\"><div id=\"panel-1798-1-0-0\" class=\"so-panel widget widget_sow-editor panel-first-child panel-last-child\" data-index=\"1\"><div class=\"so-widget-sow-editor so-widget-sow-editor-base\"><h3 class=\"widget-title\">Contact form<\/h3>\n<div class=\"siteorigin-widget-tinymce textwidget\">\n\t<div class=\"siteorigin-widget-tinymce textwidget\">\n<p><strong>Message us! We&rsquo;re happy to answer your questions.<\/strong><\/p>\n\n<div class=\"wpcf7 no-js\" id=\"wpcf7-f3082-o1\" lang=\"de-DE\" dir=\"ltr\" data-wpcf7-id=\"3082\">\n<div class=\"screen-reader-response\"><p role=\"status\" aria-live=\"polite\" aria-atomic=\"true\"><\/p> <ul><\/ul><\/div>\n<form action=\"\/en\/wp-json\/wp\/v2\/pages\/1798#wpcf7-f3082-o1\" method=\"post\" class=\"wpcf7-form init\" aria-label=\"Kontaktformular\" novalidate=\"novalidate\" data-status=\"init\">\n<fieldset class=\"hidden-fields-container\"><input type=\"hidden\" name=\"_wpcf7\" value=\"3082\"><input type=\"hidden\" name=\"_wpcf7_version\" value=\"6.1.5\"><input type=\"hidden\" name=\"_wpcf7_locale\" value=\"de_DE\"><input type=\"hidden\" name=\"_wpcf7_unit_tag\" value=\"wpcf7-f3082-o1\"><input type=\"hidden\" name=\"_wpcf7_container_post\" value=\"0\"><input type=\"hidden\" name=\"_wpcf7_posted_data_hash\" value=\"\"><input type=\"hidden\" name=\"_wpcf7_recaptcha_response\" value=\"\">\n<\/fieldset>\n<div class=\"form-contact\">\n\t<div class=\"row\">\n\t\t<div class=\"col-md-6\">\n\t\t\t<p>Your Name*<br>\n<span class=\"wpcf7-form-control-wrap\" data-name=\"your-name\"><input size=\"40\" maxlength=\"400\" class=\"wpcf7-form-control wpcf7-text wpcf7-validates-as-required\" aria-required=\"true\" aria-invalid=\"false\" value=\"\" type=\"text\" name=\"your-name\"><\/span>\n\t\t\t<\/p>\n\t\t<\/div>\n\t\t<div class=\"col-md-6\">\n\t\t\t<p>Your Email*<br>\n<span class=\"wpcf7-form-control-wrap\" data-name=\"your-email\"><input size=\"40\" maxlength=\"400\" class=\"wpcf7-form-control wpcf7-email wpcf7-validates-as-required wpcf7-text wpcf7-validates-as-email\" aria-required=\"true\" aria-invalid=\"false\" value=\"\" type=\"email\" name=\"your-email\"><\/span>\n\t\t\t<\/p>\n\t\t<\/div>\n\t<\/div>\n\t<div class=\"row\">\n\t\t<div class=\"col\">\n\t\t\t<p>Your Message*<br>\n<span class=\"wpcf7-form-control-wrap\" data-name=\"your-message\"><textarea cols=\"40\" rows=\"10\" maxlength=\"2000\" class=\"wpcf7-form-control wpcf7-textarea wpcf7-validates-as-required\" aria-required=\"true\" aria-invalid=\"false\" name=\"your-message\"><\/textarea><\/span>\n\t\t\t<\/p>\n\t\t<\/div>\n\t<\/div>\n\t<div class=\"row\">\n\t\t<div class=\"col\">\n\t\t\t<p><b>Privacy policy:<\/b>\n\t\t\t<\/p>\n\t\t\t<p>Your details will be treated confidentially and used exclusively for the purpose of processing your enquiry. Data transmission is encrypted. You can object to the use of your personal data at any time.<br>\nPlease confirm that you agree to the processing of your data and that you have read and understood our<br>\n<a href=\"https:\/\/www.k-link.eu\/en\/privacy\/\" target=\"_blank\">Privacy policy<\/a>.\n\t\t\t<\/p>\n\t\t\t<p><span class=\"wpcf7-form-control-wrap\" data-name=\"dsgvo\"><span class=\"wpcf7-form-control wpcf7-checkbox wpcf7-validates-as-required\"><span class=\"wpcf7-list-item first last\"><label><input type=\"checkbox\" name=\"dsgvo[]\" value=\"Yes, I agree with the privacy policy.\"><span class=\"wpcf7-list-item-label\">Yes, I agree with the privacy policy.<\/span><\/label><\/span><\/span><\/span>\n\t\t\t<\/p>\n\t\t\t<p><small>This site is protected using reCAPTCHA and the <a href=\"https:\/\/policies.google.com\/privacy\" target=\"_blank\">Privacy policy<\/a> and <a href=\"https:\/\/policies.google.com\/terms\" target=\"_blank\">Terms of Service<\/a> of Google.<\/small>\n\t\t\t<\/p>\n\t\t<\/div>\n\t<\/div>\n\t<div class=\"row\">\n\t\t<div class=\"col-md-6\">\n\t\t\n\t\t\t<p><input class=\"wpcf7-form-control wpcf7-submit has-spinner btn\" type=\"submit\" value=\"Submit\">\n\t\t\t<\/p>\n\t\t<\/div>\n\t\t<div class=\"col-md-6 text-right\">\n\t\t\t<p><small>* Please fill in all fields<\/small>\n\t\t\t<\/p>\n\t\t<\/div>\n\t<\/div>\n<\/div><div class=\"wpcf7-response-output\" aria-hidden=\"true\"><\/div>\n<\/form>\n<\/div>\n\n<\/div>\n<\/div>\n<\/div><\/div><\/div><\/div><\/div>","protected":false},"excerpt":{"rendered":"<p>Das K-Link Affiliateprogramm ist eine lukrative Idee f\u00fcr Partner, die \u00fcber Online-Werbema\u00dfnahmen einfach schnelle Provisions\/Einnahmen generieren wollen. So wird Ihr Computer zu Ihrem Gesch\u00e4ft &#8211; und das von Zuhause oder Unterwegs! Verdienen Sie ganz einfach: F\u00fcr alle Kunden, die auf Ihrer Website die Werbung von K-Link Europe anklicken und \u00fcber diesen Link bei uns online [&hellip;]<\/p>\n","protected":false},"author":2,"featured_media":0,"parent":1678,"menu_order":3,"comment_status":"closed","ping_status":"closed","template":"","meta":{"footnotes":""},"class_list":["post-1798","page","type-page","status-publish","hentry"],"yoast_head":"<!-- This site is optimized with the Yoast SEO plugin v26.8 - https:\/\/yoast.com\/product\/yoast-seo-wordpress\/ -->\n<title>Affiliateprogramm - K-Link<\/title>\n<meta name=\"robots\" content=\"index, follow, max-snippet:-1, max-image-preview:large, max-video-preview:-1\" \/>\n<link rel=\"canonical\" href=\"https:\/\/www.k-link.eu\/en\/partner-links\/affiliateprogramm\/\" \/>\n<meta property=\"og:locale\" content=\"en_US\" \/>\n<meta property=\"og:type\" content=\"article\" \/>\n<meta property=\"og:title\" content=\"Affiliateprogramm - K-Link\" \/>\n<meta property=\"og:description\" content=\"Das K-Link Affiliateprogramm ist eine lukrative Idee f\u00fcr Partner, die \u00fcber Online-Werbema\u00dfnahmen einfach schnelle Provisions\/Einnahmen generieren wollen. So wird Ihr Computer zu Ihrem Gesch\u00e4ft - und das von Zuhause oder Unterwegs! Verdienen Sie ganz einfach: F\u00fcr alle Kunden, die auf Ihrer Website die Werbung von K-Link Europe anklicken und \u00fcber diesen Link bei uns online [&hellip;]\" \/>\n<meta property=\"og:url\" content=\"https:\/\/www.k-link.eu\/en\/partner-links\/affiliateprogramm\/\" \/>\n<meta property=\"og:site_name\" content=\"K-Link\" \/>\n<meta property=\"article:modified_time\" content=\"2019-05-21T11:44:57+00:00\" \/>\n<meta name=\"twitter:card\" content=\"summary_large_image\" \/>\n<meta name=\"twitter:label1\" content=\"Est. reading time\" \/>\n\t<meta name=\"twitter:data1\" content=\"2 minutes\" \/>\n<script type=\"application\/ld+json\" class=\"yoast-schema-graph\">{\"@context\":\"https:\/\/schema.org\",\"@graph\":[{\"@type\":\"WebPage\",\"@id\":\"https:\/\/www.k-link.eu\/en\/partner-links\/affiliateprogramm\/\",\"url\":\"https:\/\/www.k-link.eu\/en\/partner-links\/affiliateprogramm\/\",\"name\":\"Affiliateprogramm - K-Link\",\"isPartOf\":{\"@id\":\"https:\/\/www.k-link.eu\/en\/#website\"},\"datePublished\":\"2019-04-25T11:03:46+00:00\",\"dateModified\":\"2019-05-21T11:44:57+00:00\",\"breadcrumb\":{\"@id\":\"https:\/\/www.k-link.eu\/en\/partner-links\/affiliateprogramm\/#breadcrumb\"},\"inLanguage\":\"en-US\",\"potentialAction\":[{\"@type\":\"ReadAction\",\"target\":[\"https:\/\/www.k-link.eu\/en\/partner-links\/affiliateprogramm\/\"]}]},{\"@type\":\"BreadcrumbList\",\"@id\":\"https:\/\/www.k-link.eu\/en\/partner-links\/affiliateprogramm\/#breadcrumb\",\"itemListElement\":[{\"@type\":\"ListItem\",\"position\":1,\"name\":\"Startseite\",\"item\":\"https:\/\/www.k-link.eu\/en\/\"},{\"@type\":\"ListItem\",\"position\":2,\"name\":\"Partner &#038; Links\",\"item\":\"https:\/\/www.k-link.eu\/en\/partner-links\/\"},{\"@type\":\"ListItem\",\"position\":3,\"name\":\"Affiliateprogramm\"}]},{\"@type\":\"WebSite\",\"@id\":\"https:\/\/www.k-link.eu\/en\/#website\",\"url\":\"https:\/\/www.k-link.eu\/en\/\",\"name\":\"K-Link\",\"description\":\"Nat\u00fcrliche Produkte die schonend entgiften\",\"potentialAction\":[{\"@type\":\"SearchAction\",\"target\":{\"@type\":\"EntryPoint\",\"urlTemplate\":\"https:\/\/www.k-link.eu\/en\/?s={search_term_string}\"},\"query-input\":{\"@type\":\"PropertyValueSpecification\",\"valueRequired\":true,\"valueName\":\"search_term_string\"}}],\"inLanguage\":\"en-US\"}]}<\/script>\n<!-- \/ Yoast SEO plugin. -->","yoast_head_json":{"title":"Affiliateprogramm - K-Link","robots":{"index":"index","follow":"follow","max-snippet":"max-snippet:-1","max-image-preview":"max-image-preview:large","max-video-preview":"max-video-preview:-1"},"canonical":"https:\/\/www.k-link.eu\/en\/partner-links\/affiliateprogramm\/","og_locale":"en_US","og_type":"article","og_title":"Affiliateprogramm - K-Link","og_description":"Das K-Link Affiliateprogramm ist eine lukrative Idee f\u00fcr Partner, die \u00fcber Online-Werbema\u00dfnahmen einfach schnelle Provisions\/Einnahmen generieren wollen. So wird Ihr Computer zu Ihrem Gesch\u00e4ft - und das von Zuhause oder Unterwegs! Verdienen Sie ganz einfach: F\u00fcr alle Kunden, die auf Ihrer Website die Werbung von K-Link Europe anklicken und \u00fcber diesen Link bei uns online [&hellip;]","og_url":"https:\/\/www.k-link.eu\/en\/partner-links\/affiliateprogramm\/","og_site_name":"K-Link","article_modified_time":"2019-05-21T11:44:57+00:00","twitter_card":"summary_large_image","twitter_misc":{"Est. reading time":"2 minutes"},"schema":{"@context":"https:\/\/schema.org","@graph":[{"@type":"WebPage","@id":"https:\/\/www.k-link.eu\/en\/partner-links\/affiliateprogramm\/","url":"https:\/\/www.k-link.eu\/en\/partner-links\/affiliateprogramm\/","name":"Affiliateprogramm - K-Link","isPartOf":{"@id":"https:\/\/www.k-link.eu\/en\/#website"},"datePublished":"2019-04-25T11:03:46+00:00","dateModified":"2019-05-21T11:44:57+00:00","breadcrumb":{"@id":"https:\/\/www.k-link.eu\/en\/partner-links\/affiliateprogramm\/#breadcrumb"},"inLanguage":"en-US","potentialAction":[{"@type":"ReadAction","target":["https:\/\/www.k-link.eu\/en\/partner-links\/affiliateprogramm\/"]}]},{"@type":"BreadcrumbList","@id":"https:\/\/www.k-link.eu\/en\/partner-links\/affiliateprogramm\/#breadcrumb","itemListElement":[{"@type":"ListItem","position":1,"name":"Startseite","item":"https:\/\/www.k-link.eu\/en\/"},{"@type":"ListItem","position":2,"name":"Partner &#038; Links","item":"https:\/\/www.k-link.eu\/en\/partner-links\/"},{"@type":"ListItem","position":3,"name":"Affiliateprogramm"}]},{"@type":"WebSite","@id":"https:\/\/www.k-link.eu\/en\/#website","url":"https:\/\/www.k-link.eu\/en\/","name":"K-Link","description":"Nat\u00fcrliche Produkte die schonend entgiften","potentialAction":[{"@type":"SearchAction","target":{"@type":"EntryPoint","urlTemplate":"https:\/\/www.k-link.eu\/en\/?s={search_term_string}"},"query-input":{"@type":"PropertyValueSpecification","valueRequired":true,"valueName":"search_term_string"}}],"inLanguage":"en-US"}]}},"_links":{"self":[{"href":"https:\/\/www.k-link.eu\/en\/wp-json\/wp\/v2\/pages\/1798","targetHints":{"allow":["GET"]}}],"collection":[{"href":"https:\/\/www.k-link.eu\/en\/wp-json\/wp\/v2\/pages"}],"about":[{"href":"https:\/\/www.k-link.eu\/en\/wp-json\/wp\/v2\/types\/page"}],"author":[{"embeddable":true,"href":"https:\/\/www.k-link.eu\/en\/wp-json\/wp\/v2\/users\/2"}],"replies":[{"embeddable":true,"href":"https:\/\/www.k-link.eu\/en\/wp-json\/wp\/v2\/comments?post=1798"}],"version-history":[{"count":1,"href":"https:\/\/www.k-link.eu\/en\/wp-json\/wp\/v2\/pages\/1798\/revisions"}],"predecessor-version":[{"id":3088,"href":"https:\/\/www.k-link.eu\/en\/wp-json\/wp\/v2\/pages\/1798\/revisions\/3088"}],"up":[{"embeddable":true,"href":"https:\/\/www.k-link.eu\/en\/wp-json\/wp\/v2\/pages\/1678"}],"wp:attachment":[{"href":"https:\/\/www.k-link.eu\/en\/wp-json\/wp\/v2\/media?parent=1798"}],"curies":[{"name":"wp","href":"https:\/\/api.w.org\/{rel}","templated":true}]}}